{"id":730,"date":"2022-05-02T15:39:10","date_gmt":"2022-05-02T12:39:10","guid":{"rendered":"https:\/\/karlerik.octadev.ee\/kuul\/?page_id=730"},"modified":"2022-05-04T11:26:16","modified_gmt":"2022-05-04T08:26:16","slug":"privacy-policy","status":"publish","type":"page","link":"https:\/\/kuulsaal.ee\/en\/about-us\/privacy-policy\/","title":{"rendered":"Privacy policy"},"content":{"rendered":"  <div class=\"row basic-content-row \">\n    <div class=\"col-12\">\n      <p>The privacy policy of Roseni Majad O\u00dc and Kuulsaal O\u00dc sets out principles based on which Roseni Majad O\u00dc and Kuulsaal O\u00dc processes its customers\u2019 personal data. The privacy policy applies to all natural person customers and users that purchase goods, products, and services provided by Roseni Majad O\u00dc and Kuulsaal O\u00dc and visit the service points and web sites of Roseni Majad O\u00dc\u2019s and Kuulsaal O\u00dc businesses. Roseni Majad O\u00dc and Kuulsaal O\u00dc uses personal data to ensure better services for you and to duly perform its obligations proceeding from law.<\/p>\n<h3>Roseni Majad O\u00dc<\/h3>\n<p>Roseni Majad O\u00dc\u2019s businesses own bowling and billiards club Ku:lsa:l, Bar Ku:lsa:l, and Roseni Torn party and seminar premises.<\/p>\n<p>Contact details for controllers of the personal data of Roseni Majad O\u00dc\u2019s customers are as follows:<\/p>\n<ul>\n<li>Roseni Majad O\u00dc \u2013 address: Mere pst. 6, 10111 Tallinn, Estonia; e-mail: <a href=\"mailto:bowling@kuulsaal.ee\">bowling@kuulsaal.ee<\/a><\/li>\n<\/ul>\n<p>For questions related to the processing of personal data by companies, please contact the above contacts.<\/p>\n<h3>Kuulsaal O\u00dc<\/h3>\n<p>Kuulsaal O\u00dc company includes Viimsi Kuulsaal bowling and billiard club, Muuuv adventure land.<\/p>\n<p>The contact details of the controllers of personal data of Kuulsaal O\u00dc customers are:<\/p>\n<ul>\n<li>Kuulsaal O\u00dc &#8211; address S\u00f5pruse tee 15, Viimsi, e-mail <a href=\"mailto:bowling@kuulsaal.ee\">bowling@kuulsaal.ee<\/a><\/li>\n<\/ul>\n<p>For questions related to the processing of personal data by companies, please contact the above contacts.<\/p>\n<h3>Scope of the privacy policy<\/h3>\n<p>The privacy policy applies to all natural person customers and users that purchase goods, products, and services provided by Roseni Majad O\u00dc and visit the stores and web sites of Roseni Majad O\u00dc\u2019s businesses.<\/p>\n<p>In addition to the privacy policy, special terms and conditions apply to processing of personal data within the framework of the Partnership Program. To review terms and conditions of processing of personal data within the framework of the Partnership Program click here (available in Estonian and Russian).<\/p>\n<h3>What type of personal data do our businesses collect?<\/h3>\n<p>For the purpose of best service provision, Roseni Majad O\u00dc may, to the extent necessary to provide services, collect personal data that includes foremost but not only your name, e-mail address, telephone number, preferred language, preferences related to direct marketing, and technical information sent by digital devices (e.g. cookies and other similar technologies). For the purpose of best customer service, Roseni Majad O\u00dc may to a reasonable extent also process necessary other personal data in adherence to the objectives, volumes, and manner of which you have been given prior notice.<\/p>\n<p>Roseni Majad O\u00dc has the right to refuse to transfer goods or render services if relevant services cannot be rendered without processing personal data.<\/p>\n<h3>How do our businesses collect personal data?<\/h3>\n<p>Roseni Majad O\u00dc\u2019s and Kuulsaal O\u00dc businesses collect your personal data, subject to your consent, at the commencement and during the course of a customer relationship upon purchase and use by you of products and services provided by our businesses. Our businesses only collect your personal data if you send such data voluntarily.<\/p>\n<p>For what purposes do our businesses process personal data?<\/p>\n<p>Our businesses process personal data for the following purposes:<\/p>\n<ul>\n<li>Management of customer relations and communication with customers<\/li>\n<li>Conclusion and performance of customer contracts\/agreements<\/li>\n<li>Replying to customer queries<\/li>\n<li>Development and analysis of customer relations<\/li>\n<li>Offering of products and services<\/li>\n<li>Direct marketing<\/li>\n<li>Legitimate interest<\/li>\n<li>Studying of consumer habits<\/li>\n<li>Management and development of services<\/li>\n<li>Use and improvement of relevant web pages<\/li>\n<li>Carrying out of raffles and surveys<\/li>\n<li>Preparation of sales statistics<\/li>\n<li>Protection of persons and property<\/li>\n<li>Performance of obligations proceeding from law<\/li>\n<li>Transfer payments<\/li>\n<\/ul>\n<h3>How do our businesses protect your personal data?<\/h3>\n<p>In collecting, storing, and processing your personal data, our businesses use up-to-date and sufficient as well as technical and organizational security measures that prevent unauthorized access to, changing, disclosure, or destruction of personal data stored in a business\u2019 customer databases or web pages. Only duly authorized persons have access to changing and processing of personal data.<\/p>\n<h3>Forwarding your personal data<\/h3>\n<p>In processing your personal data, our businesses may use third party service providers that provide services required by Roseni Majad O\u00dc (such as software development, forwarding of direct marketing, provision of payment and postal services). With all third party service providers to whom a business forwards personal data, agreements have been concluded on personal data protection and on keeping forwarded information confidential. In addition to the foregoing, our businesses have the right to forward personal data to supervision, investigative, and law enforcement authorities in cases provided for by legislation.<\/p>\n<h3>Term of processing personal data<\/h3>\n<p>Roseni Majad O\u00dc may process your personal data for as long as it is necessary for the purpose of performing the customer relationship between you and a relevant business or another equivalent relationship until you withdraw your consent to the processing of your personal data or, for tax related or legal purposes, until the arrival of deadlines proceeding from law.<\/p>\n<h3>Direct marketing and satisfaction surveys<\/h3>\n<p>Subject to your consent, our businesses may use personal data forwarded by you to send you information on discounts, campaigns, and offers and to carry out satisfaction surveys. If you no longer wish to receive direct offers, you at any time have the right to withdraw your consent to processing of your personal data by following instructions included in direct mailing or by contacting the business, the direct offers of which you wish to waive.<\/p>\n<h3>Using cookies<\/h3>\n<p>Our businesses\u2019 web pages use cookies. A cookie is a tiny text file that web browsers automatically save to the device used by the relevant user. With the objective of providing a better user experience, cookies are used to collect information on how a user uses a web page.<\/p>\n<p>Web pages use the following cookies:<\/p>\n<ul>\n<li>session cookies enable use of the particular web page;<\/li>\n<li>persistent cookies remember the customer\u2019s choices on the website;<\/li>\n<li>first-party cookies and\/or third-party cookies display advertisements and offers suited to the particular user;<\/li>\n<li>third-party analytical cookies optimize marketing communication.<\/li>\n<\/ul>\n<p>Users can delete and\/or block cookies saved on their device, adjusting relevant web browser settings. If cookies are not used, the website may not function as intended and\/or some of the functionalities may become unavailable to the user.<\/p>\n<p>In addition to analytical cookies, websites use pixels (pixel tags, web beacons) which enable use of the website to be monitored. In doing so, data enabling identification of an individual is not processed.<\/p>\n<h3>Processing of non-personal data<\/h3>\n<p>When you visit our businesses\u2019 websites, we may collect from you non-personal data such as the date and time of visiting the website, information downloaded from the website, information concerning the name and operational system of the browser, provider of your Internet service, and other similar information. We process said data anonymously and such data is used to improve the website\u2019s functionality.<\/p>\n<h3>Video recordings<\/h3>\n<p>Roseni Majad O\u00dc service points and sales venues use video surveillance for the purpose of protecting individuals and property. The controller of the video recordings created as a result of such video surveillance and of personal data processed as part of the video recordings is the owner of relevant surveillance cameras.<br \/>\nAll such video recordings are available only to persons that have the right to view the video recordings as proceeding from their duties.<\/p>\n<p>Video recordings are as a rule retained for up to 31 calendar days, except if a longer retention period is required for the purposes of ongoing supervision proceedings related to protection of persons and property.<br \/>\nForwarding of personal data to countries outside of the European Union or European Economic Area<br \/>\nOur businesses may forward personal data to third countries (countries not part of the European Union or European Economic Area) only if there are lawful grounds therefor. In processing personal data, the group\u2019s businesses may use international service providers or cooperation partners and in such an event the business ensures presence of lawful grounds for processing of personal data and protection of relevant data in adherence to applicable legislation.<\/p>\n<h3>Profiling<\/h3>\n<p>Roseni Majad O\u00dc may use your personal data and statistical data related to your purchases to execute profile analysis so as to better understand your expectations and, as a result, offer you better goods and services. Our businesses do not make decisions of any legal effect based on profiling results.<\/p>\n<h3>Your rights related to processing of your personal data<\/h3>\n<p>You have the right at any time to request access to your personal data from the business to which you forwarded your personal data and request rectification, transfer, and erasure of your personal data.<br \/>\nKindly submit any requests related to processing of personal data electronically to Roseni Majad O\u00dc\u2019s and Kuulsaal O\u00dc Data Protection Specialist by e-mailing bowling@kuulsaal.ee. To ensure that your personal data is processed securely, your request should be signed digitally.<\/p>\n<p>Our businesses have the right to not satisfy your request if your identity cannot be established or if relevant personal data cannot be forwarded securely. Our businesses have the right to refuse your request to have your personal data erased if the obligation to process personal data derives from a valid contract\/agreement or from law or is required for the purposes of preparing, submitting, or defending legal claims related to protection of persons and property.<\/p>\n<h3>Amending the privacy policy<\/h3>\n<p>Our businesses have at any time the right to amend and supplement their Privacy Policy. Our valid Privacy Policy is always available for review on our businesses\u2019 web pages.<\/p>\n<h3>Submitting complaints<\/h3>\n<p>If you believe that a business is violating your rights by processing your personal data, you have at any time the right to contact the relevant business, using the contact details provided above, the Estonian Data Protection Inspectorate (<a href=\"http:\/\/www.aki.ee\">www.aki.ee<\/a>), or a court of law.<\/p>\n    <\/div>\n  <\/div>\n","protected":false},"excerpt":{"rendered":"","protected":false},"author":5,"featured_media":0,"parent":724,"menu_order":0,"comment_status":"closed","ping_status":"closed","template":"","meta":{"_acf_changed":false,"footnotes":""},"class_list":["post-730","page","type-page","status-publish","hentry"],"acf":[],"yoast_head":"<!-- This site is optimized with the Yoast SEO plugin v27.0 - https:\/\/yoast.com\/product\/yoast-seo-wordpress\/ -->\n<title>Privacy policy &#8211; Kuulsaal<\/title>\n<meta name=\"robots\" content=\"index, follow, max-snippet:-1, max-image-preview:large, max-video-preview:-1\" \/>\n<link rel=\"canonical\" href=\"https:\/\/kuulsaal.ee\/en\/about-us\/privacy-policy\/\" \/>\n<meta property=\"og:locale\" content=\"en_US\" \/>\n<meta property=\"og:type\" content=\"article\" \/>\n<meta property=\"og:title\" content=\"Privacy policy &#8211; Kuulsaal\" \/>\n<meta property=\"og:url\" content=\"https:\/\/kuulsaal.ee\/en\/about-us\/privacy-policy\/\" \/>\n<meta property=\"og:site_name\" content=\"Kuulsaal\" \/>\n<meta property=\"article:publisher\" content=\"https:\/\/www.facebook.com\/kuulsaal\" \/>\n<meta property=\"article:modified_time\" content=\"2022-05-04T08:26:16+00:00\" \/>\n<meta name=\"twitter:card\" content=\"summary_large_image\" \/>\n<script type=\"application\/ld+json\" class=\"yoast-schema-graph\">{\"@context\":\"https:\/\/schema.org\",\"@graph\":[{\"@type\":\"WebPage\",\"@id\":\"https:\/\/kuulsaal.ee\/en\/about-us\/privacy-policy\/\",\"url\":\"https:\/\/kuulsaal.ee\/en\/about-us\/privacy-policy\/\",\"name\":\"Privacy policy &#8211; Kuulsaal\",\"isPartOf\":{\"@id\":\"https:\/\/kuulsaal.ee\/#website\"},\"datePublished\":\"2022-05-02T12:39:10+00:00\",\"dateModified\":\"2022-05-04T08:26:16+00:00\",\"breadcrumb\":{\"@id\":\"https:\/\/kuulsaal.ee\/en\/about-us\/privacy-policy\/#breadcrumb\"},\"inLanguage\":\"en-US\",\"potentialAction\":[{\"@type\":\"ReadAction\",\"target\":[\"https:\/\/kuulsaal.ee\/en\/about-us\/privacy-policy\/\"]}]},{\"@type\":\"BreadcrumbList\",\"@id\":\"https:\/\/kuulsaal.ee\/en\/about-us\/privacy-policy\/#breadcrumb\",\"itemListElement\":[{\"@type\":\"ListItem\",\"position\":1,\"name\":\"Home\",\"item\":\"https:\/\/kuulsaal.ee\/en\/\"},{\"@type\":\"ListItem\",\"position\":2,\"name\":\"About us\",\"item\":\"https:\/\/kuulsaal.ee\/en\/about-us\/\"},{\"@type\":\"ListItem\",\"position\":3,\"name\":\"Privacy policy\"}]},{\"@type\":\"WebSite\",\"@id\":\"https:\/\/kuulsaal.ee\/#website\",\"url\":\"https:\/\/kuulsaal.ee\/\",\"name\":\"Kuulsaal\",\"description\":\"Piljard ja bowling\",\"publisher\":{\"@id\":\"https:\/\/kuulsaal.ee\/#organization\"},\"potentialAction\":[{\"@type\":\"SearchAction\",\"target\":{\"@type\":\"EntryPoint\",\"urlTemplate\":\"https:\/\/kuulsaal.ee\/?s={search_term_string}\"},\"query-input\":{\"@type\":\"PropertyValueSpecification\",\"valueRequired\":true,\"valueName\":\"search_term_string\"}}],\"inLanguage\":\"en-US\"},{\"@type\":\"Organization\",\"@id\":\"https:\/\/kuulsaal.ee\/#organization\",\"name\":\"Kuulsaal\",\"url\":\"https:\/\/kuulsaal.ee\/\",\"logo\":{\"@type\":\"ImageObject\",\"inLanguage\":\"en-US\",\"@id\":\"https:\/\/kuulsaal.ee\/#\/schema\/logo\/image\/\",\"url\":\"https:\/\/kuulsaal.ee\/wp-content\/uploads\/2022\/06\/kuulsaal-logo.png\",\"contentUrl\":\"https:\/\/kuulsaal.ee\/wp-content\/uploads\/2022\/06\/kuulsaal-logo.png\",\"width\":363,\"height\":173,\"caption\":\"Kuulsaal\"},\"image\":{\"@id\":\"https:\/\/kuulsaal.ee\/#\/schema\/logo\/image\/\"},\"sameAs\":[\"https:\/\/www.facebook.com\/kuulsaal\",\"https:\/\/www.instagram.com\/kuulsaal_\/\"]}]}<\/script>\n<!-- \/ Yoast SEO plugin. -->","yoast_head_json":{"title":"Privacy policy &#8211; Kuulsaal","robots":{"index":"index","follow":"follow","max-snippet":"max-snippet:-1","max-image-preview":"max-image-preview:large","max-video-preview":"max-video-preview:-1"},"canonical":"https:\/\/kuulsaal.ee\/en\/about-us\/privacy-policy\/","og_locale":"en_US","og_type":"article","og_title":"Privacy policy &#8211; Kuulsaal","og_url":"https:\/\/kuulsaal.ee\/en\/about-us\/privacy-policy\/","og_site_name":"Kuulsaal","article_publisher":"https:\/\/www.facebook.com\/kuulsaal","article_modified_time":"2022-05-04T08:26:16+00:00","twitter_card":"summary_large_image","schema":{"@context":"https:\/\/schema.org","@graph":[{"@type":"WebPage","@id":"https:\/\/kuulsaal.ee\/en\/about-us\/privacy-policy\/","url":"https:\/\/kuulsaal.ee\/en\/about-us\/privacy-policy\/","name":"Privacy policy &#8211; Kuulsaal","isPartOf":{"@id":"https:\/\/kuulsaal.ee\/#website"},"datePublished":"2022-05-02T12:39:10+00:00","dateModified":"2022-05-04T08:26:16+00:00","breadcrumb":{"@id":"https:\/\/kuulsaal.ee\/en\/about-us\/privacy-policy\/#breadcrumb"},"inLanguage":"en-US","potentialAction":[{"@type":"ReadAction","target":["https:\/\/kuulsaal.ee\/en\/about-us\/privacy-policy\/"]}]},{"@type":"BreadcrumbList","@id":"https:\/\/kuulsaal.ee\/en\/about-us\/privacy-policy\/#breadcrumb","itemListElement":[{"@type":"ListItem","position":1,"name":"Home","item":"https:\/\/kuulsaal.ee\/en\/"},{"@type":"ListItem","position":2,"name":"About us","item":"https:\/\/kuulsaal.ee\/en\/about-us\/"},{"@type":"ListItem","position":3,"name":"Privacy policy"}]},{"@type":"WebSite","@id":"https:\/\/kuulsaal.ee\/#website","url":"https:\/\/kuulsaal.ee\/","name":"Kuulsaal","description":"Piljard ja bowling","publisher":{"@id":"https:\/\/kuulsaal.ee\/#organization"},"potentialAction":[{"@type":"SearchAction","target":{"@type":"EntryPoint","urlTemplate":"https:\/\/kuulsaal.ee\/?s={search_term_string}"},"query-input":{"@type":"PropertyValueSpecification","valueRequired":true,"valueName":"search_term_string"}}],"inLanguage":"en-US"},{"@type":"Organization","@id":"https:\/\/kuulsaal.ee\/#organization","name":"Kuulsaal","url":"https:\/\/kuulsaal.ee\/","logo":{"@type":"ImageObject","inLanguage":"en-US","@id":"https:\/\/kuulsaal.ee\/#\/schema\/logo\/image\/","url":"https:\/\/kuulsaal.ee\/wp-content\/uploads\/2022\/06\/kuulsaal-logo.png","contentUrl":"https:\/\/kuulsaal.ee\/wp-content\/uploads\/2022\/06\/kuulsaal-logo.png","width":363,"height":173,"caption":"Kuulsaal"},"image":{"@id":"https:\/\/kuulsaal.ee\/#\/schema\/logo\/image\/"},"sameAs":["https:\/\/www.facebook.com\/kuulsaal","https:\/\/www.instagram.com\/kuulsaal_\/"]}]}}}