{"id":709,"date":"2022-05-02T16:05:57","date_gmt":"2022-05-02T13:05:57","guid":{"rendered":"https:\/\/karlerik.octadev.ee\/kuul\/?page_id=709"},"modified":"2026-02-03T11:38:58","modified_gmt":"2026-02-03T09:38:58","slug":"viimsi-contact","status":"publish","type":"page","link":"https:\/\/kuulsaal.ee\/en\/about-us\/viimsi-contact\/","title":{"rendered":"Viimsi contact"},"content":{"rendered":"  <div class=\"row icon-list-row\">\n    <div class=\"col-12\">\n      <ul class=\"icon-list divided\">\n                  <li class=\"icon company\">\n            <span>Kuulsaal O\u00dc<\/span>\n          <\/li>\n                  <li class=\"icon star\">\n            <span>Bowling, billiards, snooker, russian billiards<\/span>\n          <\/li>\n                  <li class=\"icon clock\">\n            <span>MON-THU 14.00-22.00, FRI 14.00-01.00<br \/>\r\nSAT 11.00-01.00, SUN 11.00-22.00<\/span>\n          <\/li>\n                  <li class=\"icon location\">\n            <span>S\u00f5pruse tee 15, Viimsi<\/span>\n          <\/li>\n                  <li class=\"icon phone\">\n            <span>+372 605 1101<\/span>\n          <\/li>\n                  <li class=\"icon email\">\n            <span>viimsi@kuulsaal.ee<\/span>\n          <\/li>\n              <\/ul>\n    <\/div>\n  <\/div>\n\n\n  <div class=\"row iframe-row position-relative\">\n    <div class=\"col-12 position-relative\">\n      <div class=\"dark\">\n        <iframe src=\"https:\/\/www.google.com\/maps\/embed?pb=!1m14!1m8!1m3!1d8098.753245958428!2d24.827472000000004!3d59.50495900000001!3m2!1i1024!2i768!4f13.1!3m3!1m2!1s0x0%3A0x7969dfb3e0778890!2sViimsi%20Kaubanduskeskus!5e0!3m2!1set!2sus!4v1651499964862!5m2!1set!2sus\" width=\"100%\" height=\"450\" style=\"border:0;\" allowfullscreen=\"\" loading=\"lazy\" referrerpolicy=\"no-referrer-when-downgrade\"><\/iframe>      <\/div>\n    <\/div>\n  <\/div>\n\n\n  <div class=\"row basic-content-row \">\n    <div class=\"col-12\">\n      <h3>By car<\/h3>\n<p><strong>From the city centre:<\/strong>\u00a0Drive along Narva mnt towards Pirita, keep left on Pirita tee by the Russalka monument and continue along Meriv\u00e4lja tee and Ranna tee until you reach the Statoil petrol station roundabout. Keep straight on towards Randvere tee until you reach the next roundabout. MUUUV Adventureland is situated to the left of the roundabout, in Viimsi Keskus shopping centre at S\u00f5pruse tee 15.<\/p>\n<p><strong>From Lasnam\u00e4e:\u00a0<\/strong>Drive along Narva mnt heading towards Iru, then turn left on P\u00e4rnam\u00e4e tee after the bridge. Keep straight on and drive through M\u00e4he until you reach the Randvere tee intersection at the bottom of Lubja Hill. Turn left and head straight on until the next roundabout. MUUUV Adventureland is situated to the right of the roundabout, in Viimsi Keskus shopping centre at S\u00f5pruse tee 15.<br \/>\nParking is free in the shopping centre\u2019s car park.<\/p>\n<h3>By public transport<\/h3>\n<p><strong>From the city centre<\/strong>\u00a0\u2013 bus 1A (M\u00f5isapargi stop)<br \/>\n<strong>From Lasnam\u00e4e<\/strong>\u00a0\u2013 in order to get to Viimsi you first have to go to Viru Keskus shopping centre (Poska stop) and take bus 1A from there.<br \/>\n<strong>From Viimsi to Lasnam\u00e4e<\/strong>\u00a0\u2013 bus 49 will get you to Reval Caf\u00e9 on Ranna tee (Meriv\u00e4lja stop) and then you need to either come to Viimsi Keskus shopping centre or transfer to bus 1A.<\/p>\n<p>We recommend using\u00a0<a href=\"http:\/\/www.soiduplaan.ee\/\">www.soiduplaan.ee<\/a>\u00a0to plan your trip with public transport.<\/p>\n    <\/div>\n  <\/div>\n","protected":false},"excerpt":{"rendered":"","protected":false},"author":5,"featured_media":0,"parent":724,"menu_order":0,"comment_status":"closed","ping_status":"closed","template":"","meta":{"_acf_changed":false,"footnotes":""},"class_list":["post-709","page","type-page","status-publish","hentry"],"acf":[],"yoast_head":"<!-- This site is optimized with the Yoast SEO plugin v27.0 - https:\/\/yoast.com\/product\/yoast-seo-wordpress\/ -->\n<title>Viimsi contact &#8211; Kuulsaal<\/title>\n<meta name=\"robots\" content=\"index, follow, max-snippet:-1, max-image-preview:large, max-video-preview:-1\" \/>\n<link rel=\"canonical\" href=\"https:\/\/kuulsaal.ee\/en\/about-us\/viimsi-contact\/\" \/>\n<meta property=\"og:locale\" content=\"en_US\" \/>\n<meta property=\"og:type\" content=\"article\" \/>\n<meta property=\"og:title\" content=\"Viimsi contact &#8211; Kuulsaal\" \/>\n<meta property=\"og:url\" content=\"https:\/\/kuulsaal.ee\/en\/about-us\/viimsi-contact\/\" \/>\n<meta property=\"og:site_name\" content=\"Kuulsaal\" \/>\n<meta property=\"article:publisher\" content=\"https:\/\/www.facebook.com\/kuulsaal\" \/>\n<meta property=\"article:modified_time\" content=\"2026-02-03T09:38:58+00:00\" \/>\n<meta name=\"twitter:card\" content=\"summary_large_image\" \/>\n<script type=\"application\/ld+json\" class=\"yoast-schema-graph\">{\"@context\":\"https:\/\/schema.org\",\"@graph\":[{\"@type\":\"WebPage\",\"@id\":\"https:\/\/kuulsaal.ee\/en\/about-us\/viimsi-contact\/\",\"url\":\"https:\/\/kuulsaal.ee\/en\/about-us\/viimsi-contact\/\",\"name\":\"Viimsi contact &#8211; Kuulsaal\",\"isPartOf\":{\"@id\":\"https:\/\/kuulsaal.ee\/#website\"},\"datePublished\":\"2022-05-02T13:05:57+00:00\",\"dateModified\":\"2026-02-03T09:38:58+00:00\",\"breadcrumb\":{\"@id\":\"https:\/\/kuulsaal.ee\/en\/about-us\/viimsi-contact\/#breadcrumb\"},\"inLanguage\":\"en-US\",\"potentialAction\":[{\"@type\":\"ReadAction\",\"target\":[\"https:\/\/kuulsaal.ee\/en\/about-us\/viimsi-contact\/\"]}]},{\"@type\":\"BreadcrumbList\",\"@id\":\"https:\/\/kuulsaal.ee\/en\/about-us\/viimsi-contact\/#breadcrumb\",\"itemListElement\":[{\"@type\":\"ListItem\",\"position\":1,\"name\":\"Home\",\"item\":\"https:\/\/kuulsaal.ee\/en\/\"},{\"@type\":\"ListItem\",\"position\":2,\"name\":\"About us\",\"item\":\"https:\/\/kuulsaal.ee\/en\/about-us\/\"},{\"@type\":\"ListItem\",\"position\":3,\"name\":\"Viimsi contact\"}]},{\"@type\":\"WebSite\",\"@id\":\"https:\/\/kuulsaal.ee\/#website\",\"url\":\"https:\/\/kuulsaal.ee\/\",\"name\":\"Kuulsaal\",\"description\":\"Piljard ja bowling\",\"publisher\":{\"@id\":\"https:\/\/kuulsaal.ee\/#organization\"},\"potentialAction\":[{\"@type\":\"SearchAction\",\"target\":{\"@type\":\"EntryPoint\",\"urlTemplate\":\"https:\/\/kuulsaal.ee\/?s={search_term_string}\"},\"query-input\":{\"@type\":\"PropertyValueSpecification\",\"valueRequired\":true,\"valueName\":\"search_term_string\"}}],\"inLanguage\":\"en-US\"},{\"@type\":\"Organization\",\"@id\":\"https:\/\/kuulsaal.ee\/#organization\",\"name\":\"Kuulsaal\",\"url\":\"https:\/\/kuulsaal.ee\/\",\"logo\":{\"@type\":\"ImageObject\",\"inLanguage\":\"en-US\",\"@id\":\"https:\/\/kuulsaal.ee\/#\/schema\/logo\/image\/\",\"url\":\"https:\/\/kuulsaal.ee\/wp-content\/uploads\/2022\/06\/kuulsaal-logo.png\",\"contentUrl\":\"https:\/\/kuulsaal.ee\/wp-content\/uploads\/2022\/06\/kuulsaal-logo.png\",\"width\":363,\"height\":173,\"caption\":\"Kuulsaal\"},\"image\":{\"@id\":\"https:\/\/kuulsaal.ee\/#\/schema\/logo\/image\/\"},\"sameAs\":[\"https:\/\/www.facebook.com\/kuulsaal\",\"https:\/\/www.instagram.com\/kuulsaal_\/\"]}]}<\/script>\n<!-- \/ Yoast SEO plugin. -->","yoast_head_json":{"title":"Viimsi contact &#8211; Kuulsaal","robots":{"index":"index","follow":"follow","max-snippet":"max-snippet:-1","max-image-preview":"max-image-preview:large","max-video-preview":"max-video-preview:-1"},"canonical":"https:\/\/kuulsaal.ee\/en\/about-us\/viimsi-contact\/","og_locale":"en_US","og_type":"article","og_title":"Viimsi contact &#8211; Kuulsaal","og_url":"https:\/\/kuulsaal.ee\/en\/about-us\/viimsi-contact\/","og_site_name":"Kuulsaal","article_publisher":"https:\/\/www.facebook.com\/kuulsaal","article_modified_time":"2026-02-03T09:38:58+00:00","twitter_card":"summary_large_image","schema":{"@context":"https:\/\/schema.org","@graph":[{"@type":"WebPage","@id":"https:\/\/kuulsaal.ee\/en\/about-us\/viimsi-contact\/","url":"https:\/\/kuulsaal.ee\/en\/about-us\/viimsi-contact\/","name":"Viimsi contact &#8211; Kuulsaal","isPartOf":{"@id":"https:\/\/kuulsaal.ee\/#website"},"datePublished":"2022-05-02T13:05:57+00:00","dateModified":"2026-02-03T09:38:58+00:00","breadcrumb":{"@id":"https:\/\/kuulsaal.ee\/en\/about-us\/viimsi-contact\/#breadcrumb"},"inLanguage":"en-US","potentialAction":[{"@type":"ReadAction","target":["https:\/\/kuulsaal.ee\/en\/about-us\/viimsi-contact\/"]}]},{"@type":"BreadcrumbList","@id":"https:\/\/kuulsaal.ee\/en\/about-us\/viimsi-contact\/#breadcrumb","itemListElement":[{"@type":"ListItem","position":1,"name":"Home","item":"https:\/\/kuulsaal.ee\/en\/"},{"@type":"ListItem","position":2,"name":"About us","item":"https:\/\/kuulsaal.ee\/en\/about-us\/"},{"@type":"ListItem","position":3,"name":"Viimsi contact"}]},{"@type":"WebSite","@id":"https:\/\/kuulsaal.ee\/#website","url":"https:\/\/kuulsaal.ee\/","name":"Kuulsaal","description":"Piljard ja bowling","publisher":{"@id":"https:\/\/kuulsaal.ee\/#organization"},"potentialAction":[{"@type":"SearchAction","target":{"@type":"EntryPoint","urlTemplate":"https:\/\/kuulsaal.ee\/?s={search_term_string}"},"query-input":{"@type":"PropertyValueSpecification","valueRequired":true,"valueName":"search_term_string"}}],"inLanguage":"en-US"},{"@type":"Organization","@id":"https:\/\/kuulsaal.ee\/#organization","name":"Kuulsaal","url":"https:\/\/kuulsaal.ee\/","logo":{"@type":"ImageObject","inLanguage":"en-US","@id":"https:\/\/kuulsaal.ee\/#\/schema\/logo\/image\/","url":"https:\/\/kuulsaal.ee\/wp-content\/uploads\/2022\/06\/kuulsaal-logo.png","contentUrl":"https:\/\/kuulsaal.ee\/wp-content\/uploads\/2022\/06\/kuulsaal-logo.png","width":363,"height":173,"caption":"Kuulsaal"},"image":{"@id":"https:\/\/kuulsaal.ee\/#\/schema\/logo\/image\/"},"sameAs":["https:\/\/www.facebook.com\/kuulsaal","https:\/\/www.instagram.com\/kuulsaal_\/"]}]}}}