{"id":6649,"date":"2026-02-06T15:23:51","date_gmt":"2026-02-06T13:23:51","guid":{"rendered":"https:\/\/kuulsaal.ee\/?page_id=6649"},"modified":"2026-02-12T16:54:30","modified_gmt":"2026-02-12T14:54:30","slug":"kuulsaal-lounge-eng","status":"publish","type":"page","link":"https:\/\/kuulsaal.ee\/en\/kuulsaal-lounge-eng\/","title":{"rendered":"Lounge"},"content":{"rendered":"\n<figure class=\"wp-block-gallery has-nested-images columns-default is-cropped wp-block-gallery-1 is-layout-flex wp-block-gallery-is-layout-flex\">\n<figure class=\"wp-block-image size-large\"><img loading=\"lazy\" decoding=\"async\" width=\"1024\" height=\"684\" data-id=\"6655\" src=\"https:\/\/kuulsaal.ee\/wp-content\/uploads\/2026\/02\/Toidud-koos2-1-1024x684.jpg\" alt=\"\" class=\"wp-image-6655\" srcset=\"https:\/\/kuulsaal.ee\/wp-content\/uploads\/2026\/02\/Toidud-koos2-1-1024x684.jpg 1024w, https:\/\/kuulsaal.ee\/wp-content\/uploads\/2026\/02\/Toidud-koos2-1-300x200.jpg 300w, https:\/\/kuulsaal.ee\/wp-content\/uploads\/2026\/02\/Toidud-koos2-1-768x513.jpg 768w, https:\/\/kuulsaal.ee\/wp-content\/uploads\/2026\/02\/Toidud-koos2-1-1536x1026.jpg 1536w, https:\/\/kuulsaal.ee\/wp-content\/uploads\/2026\/02\/Toidud-koos2-1.jpg 1920w\" sizes=\"auto, (max-width: 1024px) 100vw, 1024px\" \/><\/figure>\n\n\n\n<figure class=\"wp-block-image size-large\"><img loading=\"lazy\" decoding=\"async\" width=\"1024\" height=\"683\" data-id=\"6650\" src=\"https:\/\/kuulsaal.ee\/wp-content\/uploads\/2026\/02\/Pildid-3023-1-1024x683.jpg\" alt=\"\" class=\"wp-image-6650\" srcset=\"https:\/\/kuulsaal.ee\/wp-content\/uploads\/2026\/02\/Pildid-3023-1-1024x683.jpg 1024w, https:\/\/kuulsaal.ee\/wp-content\/uploads\/2026\/02\/Pildid-3023-1-300x200.jpg 300w, https:\/\/kuulsaal.ee\/wp-content\/uploads\/2026\/02\/Pildid-3023-1-768x512.jpg 768w, https:\/\/kuulsaal.ee\/wp-content\/uploads\/2026\/02\/Pildid-3023-1-1536x1024.jpg 1536w, https:\/\/kuulsaal.ee\/wp-content\/uploads\/2026\/02\/Pildid-3023-1-2048x1365.jpg 2048w\" sizes=\"auto, (max-width: 1024px) 100vw, 1024px\" \/><\/figure>\n<\/figure>\n\n\n\n<p><strong>In the Kuulsaals&#8217; lounges, you\u2019ll find specially crafted culinary experiences and a cozy atmosphere, where every moment offers something unique. <\/strong><\/p>\n\n\n\n<p><strong>Kuulsaal&#8217;s kitchen takes the bowling alley food experience to a whole new level. <\/strong>The menu is created from high-quality, fresh ingredients, with mostly handmade dishes prepared by <strong>chefs Fred Ehand and Siret Anton. <\/strong>The result is an exceptionally high food quality, <strong>one of the best in Europe when compared to other bowling alleys.<\/strong><\/p>\n\n\n\n<p>Whether it\u2019s lunch, dinner, or a more formal event, at Kuulsaal, great taste meets entertainment!<\/p>\n\n\n\n<p>You can also choose to order a <strong>warm buffet<\/strong>, perfect for corporate events and get-togethers.<\/p>\n\n\n\n<div class=\"wp-block-buttons is-layout-flex wp-block-buttons-is-layout-flex\">\n<div class=\"wp-block-button\"><a class=\"wp-block-button__link wp-element-button\" href=\"https:\/\/telli.kuulsaal.ee\/\">View the Menu<\/a><\/div>\n\n\n\n<div class=\"wp-block-button\"><a class=\"wp-block-button__link wp-element-button\" href=\"https:\/\/kuulsaal.ee\/en\/hot-buffet\/\">Hot buffet options<\/a><\/div>\n<\/div>\n\n\n\n<p><\/p>\n\n\n\n<p>The lounges are equipped with screens, offering the possibility to watch sports broadcasts while enjoying good food and drinks in great company.<\/p>\n\n\n\n<div style=\"height:45px\" aria-hidden=\"true\" class=\"wp-block-spacer\"><\/div>\n\n\n\n<h1 class=\"wp-block-heading\"><strong>Viimsi Kuulsaal&#8217;s lounge<\/strong><\/h1>\n\n\n\n<p><strong>Viimsi Kuulsaal&#8217;s spacious and bright lounge can accommodate up to 40 guests<\/strong> and is located separately from the bowling lanes, offering privacy and a peaceful atmosphere. It\u2019s especially suitable for families, as the menu caters to both adults and younger guests, with a dedicated children&#8217;s menu.<\/p>\n\n\n\n<p>The entire lounge can be booked for private events upon request.<\/p>\n\n\n\n<div class=\"wp-block-buttons is-layout-flex wp-block-buttons-is-layout-flex\">\n<div class=\"wp-block-button\"><a class=\"wp-block-button__link wp-element-button\" href=\"https:\/\/broneeri.kuulsaal.ee\/en\">Book a Table<\/a><\/div>\n<\/div>\n\n\n\n<div style=\"height:45px\" aria-hidden=\"true\" class=\"wp-block-spacer\"><\/div>\n\n\n\n<h1 class=\"wp-block-heading\"><strong>Mere pst Kuulsaal&#8217;s lounge<\/strong><\/h1>\n\n\n\n<p><strong>In Mere pst Kuulsaal, there are two separate lounge areas on the 2nd and 3rd floors, each accommodating up to 16 guests. <\/strong>Located in the Rotermanni district, it\u2019s a convenient spot for lunch or a relaxing evening. On weekends, the Kuulsaal lounge is the perfect place to enjoy great food and cocktails. In the evenings, it\u2019s also an ideal stop before heading to the bustling nightlife of the Old Town.<\/p>\n\n\n\n<p>The entire lounge can be booked for private events upon request.<\/p>\n\n\n\n<div class=\"wp-block-buttons is-layout-flex wp-block-buttons-is-layout-flex\">\n<div class=\"wp-block-button\"><a class=\"wp-block-button__link wp-element-button\" href=\"https:\/\/broneeri.kuulsaal.ee\/en\">Book a Table<\/a><\/div>\n<\/div>\n\n\n\n<p><\/p>\n\n\n\n<figure class=\"wp-block-gallery has-nested-images columns-default is-cropped wp-block-gallery-2 is-layout-flex wp-block-gallery-is-layout-flex\">\n<figure class=\"wp-block-image size-large\"><img loading=\"lazy\" decoding=\"async\" width=\"1024\" height=\"683\" data-id=\"6654\" src=\"https:\/\/kuulsaal.ee\/wp-content\/uploads\/2026\/02\/Pildid-3035-1-1024x683.jpg\" alt=\"\" class=\"wp-image-6654\" srcset=\"https:\/\/kuulsaal.ee\/wp-content\/uploads\/2026\/02\/Pildid-3035-1-1024x683.jpg 1024w, https:\/\/kuulsaal.ee\/wp-content\/uploads\/2026\/02\/Pildid-3035-1-300x200.jpg 300w, https:\/\/kuulsaal.ee\/wp-content\/uploads\/2026\/02\/Pildid-3035-1-768x512.jpg 768w, https:\/\/kuulsaal.ee\/wp-content\/uploads\/2026\/02\/Pildid-3035-1-1536x1024.jpg 1536w, https:\/\/kuulsaal.ee\/wp-content\/uploads\/2026\/02\/Pildid-3035-1-2048x1365.jpg 2048w\" sizes=\"auto, (max-width: 1024px) 100vw, 1024px\" \/><\/figure>\n\n\n\n<figure class=\"wp-block-image size-large\"><img loading=\"lazy\" decoding=\"async\" width=\"1024\" height=\"683\" data-id=\"6314\" src=\"https:\/\/kuulsaal.ee\/wp-content\/uploads\/2025\/12\/Pildid-2578-1024x683.jpg\" alt=\"buffee catering tallinn kuulsaal toit\" class=\"wp-image-6314\" srcset=\"https:\/\/kuulsaal.ee\/wp-content\/uploads\/2025\/12\/Pildid-2578-1024x683.jpg 1024w, https:\/\/kuulsaal.ee\/wp-content\/uploads\/2025\/12\/Pildid-2578-300x200.jpg 300w, https:\/\/kuulsaal.ee\/wp-content\/uploads\/2025\/12\/Pildid-2578-768x512.jpg 768w, https:\/\/kuulsaal.ee\/wp-content\/uploads\/2025\/12\/Pildid-2578-1536x1024.jpg 1536w, https:\/\/kuulsaal.ee\/wp-content\/uploads\/2025\/12\/Pildid-2578-2048x1365.jpg 2048w\" sizes=\"auto, (max-width: 1024px) 100vw, 1024px\" \/><\/figure>\n\n\n\n<figure class=\"wp-block-image size-large\"><img loading=\"lazy\" decoding=\"async\" width=\"1024\" height=\"683\" data-id=\"6651\" src=\"https:\/\/kuulsaal.ee\/wp-content\/uploads\/2026\/02\/Pildid-3025-1-1024x683.jpg\" alt=\"\" class=\"wp-image-6651\" srcset=\"https:\/\/kuulsaal.ee\/wp-content\/uploads\/2026\/02\/Pildid-3025-1-1024x683.jpg 1024w, https:\/\/kuulsaal.ee\/wp-content\/uploads\/2026\/02\/Pildid-3025-1-300x200.jpg 300w, https:\/\/kuulsaal.ee\/wp-content\/uploads\/2026\/02\/Pildid-3025-1-768x512.jpg 768w, https:\/\/kuulsaal.ee\/wp-content\/uploads\/2026\/02\/Pildid-3025-1-1536x1024.jpg 1536w, https:\/\/kuulsaal.ee\/wp-content\/uploads\/2026\/02\/Pildid-3025-1-2048x1365.jpg 2048w\" sizes=\"auto, (max-width: 1024px) 100vw, 1024px\" \/><\/figure>\n\n\n\n<figure class=\"wp-block-image size-large\"><img loading=\"lazy\" decoding=\"async\" width=\"1024\" height=\"684\" data-id=\"6636\" src=\"https:\/\/kuulsaal.ee\/wp-content\/uploads\/2026\/02\/Kaanefoto-kok-1-1024x684.jpg\" alt=\"\" class=\"wp-image-6636\" srcset=\"https:\/\/kuulsaal.ee\/wp-content\/uploads\/2026\/02\/Kaanefoto-kok-1-1024x684.jpg 1024w, https:\/\/kuulsaal.ee\/wp-content\/uploads\/2026\/02\/Kaanefoto-kok-1-300x200.jpg 300w, https:\/\/kuulsaal.ee\/wp-content\/uploads\/2026\/02\/Kaanefoto-kok-1-768x513.jpg 768w, https:\/\/kuulsaal.ee\/wp-content\/uploads\/2026\/02\/Kaanefoto-kok-1-1536x1026.jpg 1536w, https:\/\/kuulsaal.ee\/wp-content\/uploads\/2026\/02\/Kaanefoto-kok-1.jpg 1920w\" sizes=\"auto, (max-width: 1024px) 100vw, 1024px\" \/><\/figure>\n\n\n\n<figure class=\"wp-block-image size-large\"><img loading=\"lazy\" decoding=\"async\" width=\"1024\" height=\"683\" data-id=\"4071\" src=\"https:\/\/kuulsaal.ee\/wp-content\/uploads\/2024\/06\/RENE-LUTTERUS-0233-1229x820-1-1024x683.jpg\" alt=\"Iga s\u00f5ber leiab Kuulsaalist endale sobiva joogi\" class=\"wp-image-4071\" srcset=\"https:\/\/kuulsaal.ee\/wp-content\/uploads\/2024\/06\/RENE-LUTTERUS-0233-1229x820-1-1024x683.jpg 1024w, https:\/\/kuulsaal.ee\/wp-content\/uploads\/2024\/06\/RENE-LUTTERUS-0233-1229x820-1-300x200.jpg 300w, https:\/\/kuulsaal.ee\/wp-content\/uploads\/2024\/06\/RENE-LUTTERUS-0233-1229x820-1-768x512.jpg 768w, https:\/\/kuulsaal.ee\/wp-content\/uploads\/2024\/06\/RENE-LUTTERUS-0233-1229x820-1.jpg 1229w\" sizes=\"auto, (max-width: 1024px) 100vw, 1024px\" \/><\/figure>\n\n\n\n<figure class=\"wp-block-image size-large\"><img loading=\"lazy\" decoding=\"async\" width=\"1024\" height=\"684\" data-id=\"6632\" src=\"https:\/\/kuulsaal.ee\/wp-content\/uploads\/2026\/02\/kuulsaal4-1024x684.jpg\" alt=\"kuulsaal toidud restoran tallinn v\u00e4ljas s\u00f6\u00f6mine lounge\" class=\"wp-image-6632\" srcset=\"https:\/\/kuulsaal.ee\/wp-content\/uploads\/2026\/02\/kuulsaal4-1024x684.jpg 1024w, https:\/\/kuulsaal.ee\/wp-content\/uploads\/2026\/02\/kuulsaal4-300x200.jpg 300w, https:\/\/kuulsaal.ee\/wp-content\/uploads\/2026\/02\/kuulsaal4-768x513.jpg 768w, https:\/\/kuulsaal.ee\/wp-content\/uploads\/2026\/02\/kuulsaal4-1536x1026.jpg 1536w, https:\/\/kuulsaal.ee\/wp-content\/uploads\/2026\/02\/kuulsaal4.jpg 1920w\" sizes=\"auto, (max-width: 1024px) 100vw, 1024px\" \/><\/figure>\n<\/figure>\n","protected":false},"excerpt":{"rendered":"<p>In the Kuulsaals&#8217; lounges, you\u2019ll find specially crafted culinary experiences and a cozy atmosphere, where every moment offers something unique. Kuulsaal&#8217;s kitchen takes the bowling alley food experience to a whole new level. The menu is created from high-quality, fresh ingredients, with mostly handmade dishes prepared by chefs Fred Ehand and Siret Anton. The result [&hellip;]<\/p>\n","protected":false},"author":7,"featured_media":0,"parent":0,"menu_order":0,"comment_status":"closed","ping_status":"closed","template":"","meta":{"_acf_changed":false,"footnotes":""},"class_list":["post-6649","page","type-page","status-publish","hentry"],"acf":[],"yoast_head":"<!-- This site is optimized with the Yoast SEO plugin v27.0 - https:\/\/yoast.com\/product\/yoast-seo-wordpress\/ -->\n<title>Lounge &#8211; Kuulsaal<\/title>\n<meta name=\"robots\" content=\"index, follow, max-snippet:-1, max-image-preview:large, max-video-preview:-1\" \/>\n<link rel=\"canonical\" href=\"https:\/\/kuulsaal.ee\/en\/kuulsaal-lounge-eng\/\" \/>\n<meta property=\"og:locale\" content=\"en_US\" \/>\n<meta property=\"og:type\" content=\"article\" \/>\n<meta property=\"og:title\" content=\"Lounge &#8211; Kuulsaal\" \/>\n<meta property=\"og:description\" content=\"In the Kuulsaals&#8217; lounges, you\u2019ll find specially crafted culinary experiences and a cozy atmosphere, where every moment offers something unique. Kuulsaal&#8217;s kitchen takes the bowling alley food experience to a whole new level. The menu is created from high-quality, fresh ingredients, with mostly handmade dishes prepared by chefs Fred Ehand and Siret Anton. The result [&hellip;]\" \/>\n<meta property=\"og:url\" content=\"https:\/\/kuulsaal.ee\/en\/kuulsaal-lounge-eng\/\" \/>\n<meta property=\"og:site_name\" content=\"Kuulsaal\" \/>\n<meta property=\"article:publisher\" content=\"https:\/\/www.facebook.com\/kuulsaal\" \/>\n<meta property=\"article:modified_time\" content=\"2026-02-12T14:54:30+00:00\" \/>\n<meta property=\"og:image\" content=\"https:\/\/kuulsaal.ee\/wp-content\/uploads\/2026\/02\/Toidud-koos2-1.jpg\" \/>\n\t<meta property=\"og:image:width\" content=\"1920\" \/>\n\t<meta property=\"og:image:height\" content=\"1282\" \/>\n\t<meta property=\"og:image:type\" content=\"image\/jpeg\" \/>\n<meta name=\"twitter:card\" content=\"summary_large_image\" \/>\n<meta name=\"twitter:label1\" content=\"Est. reading time\" \/>\n\t<meta name=\"twitter:data1\" content=\"4 minutes\" \/>\n<script type=\"application\/ld+json\" class=\"yoast-schema-graph\">{\"@context\":\"https:\/\/schema.org\",\"@graph\":[{\"@type\":\"WebPage\",\"@id\":\"https:\/\/kuulsaal.ee\/en\/kuulsaal-lounge-eng\/\",\"url\":\"https:\/\/kuulsaal.ee\/en\/kuulsaal-lounge-eng\/\",\"name\":\"Lounge &#8211; Kuulsaal\",\"isPartOf\":{\"@id\":\"https:\/\/kuulsaal.ee\/#website\"},\"primaryImageOfPage\":{\"@id\":\"https:\/\/kuulsaal.ee\/en\/kuulsaal-lounge-eng\/#primaryimage\"},\"image\":{\"@id\":\"https:\/\/kuulsaal.ee\/en\/kuulsaal-lounge-eng\/#primaryimage\"},\"thumbnailUrl\":\"https:\/\/kuulsaal.ee\/wp-content\/uploads\/2026\/02\/Toidud-koos2-1-1024x684.jpg\",\"datePublished\":\"2026-02-06T13:23:51+00:00\",\"dateModified\":\"2026-02-12T14:54:30+00:00\",\"breadcrumb\":{\"@id\":\"https:\/\/kuulsaal.ee\/en\/kuulsaal-lounge-eng\/#breadcrumb\"},\"inLanguage\":\"en-US\",\"potentialAction\":[{\"@type\":\"ReadAction\",\"target\":[\"https:\/\/kuulsaal.ee\/en\/kuulsaal-lounge-eng\/\"]}]},{\"@type\":\"ImageObject\",\"inLanguage\":\"en-US\",\"@id\":\"https:\/\/kuulsaal.ee\/en\/kuulsaal-lounge-eng\/#primaryimage\",\"url\":\"https:\/\/kuulsaal.ee\/wp-content\/uploads\/2026\/02\/Toidud-koos2-1-1024x684.jpg\",\"contentUrl\":\"https:\/\/kuulsaal.ee\/wp-content\/uploads\/2026\/02\/Toidud-koos2-1-1024x684.jpg\"},{\"@type\":\"BreadcrumbList\",\"@id\":\"https:\/\/kuulsaal.ee\/en\/kuulsaal-lounge-eng\/#breadcrumb\",\"itemListElement\":[{\"@type\":\"ListItem\",\"position\":1,\"name\":\"Home\",\"item\":\"https:\/\/kuulsaal.ee\/en\/\"},{\"@type\":\"ListItem\",\"position\":2,\"name\":\"Lounge\"}]},{\"@type\":\"WebSite\",\"@id\":\"https:\/\/kuulsaal.ee\/#website\",\"url\":\"https:\/\/kuulsaal.ee\/\",\"name\":\"Kuulsaal\",\"description\":\"Piljard ja bowling\",\"publisher\":{\"@id\":\"https:\/\/kuulsaal.ee\/#organization\"},\"potentialAction\":[{\"@type\":\"SearchAction\",\"target\":{\"@type\":\"EntryPoint\",\"urlTemplate\":\"https:\/\/kuulsaal.ee\/?s={search_term_string}\"},\"query-input\":{\"@type\":\"PropertyValueSpecification\",\"valueRequired\":true,\"valueName\":\"search_term_string\"}}],\"inLanguage\":\"en-US\"},{\"@type\":\"Organization\",\"@id\":\"https:\/\/kuulsaal.ee\/#organization\",\"name\":\"Kuulsaal\",\"url\":\"https:\/\/kuulsaal.ee\/\",\"logo\":{\"@type\":\"ImageObject\",\"inLanguage\":\"en-US\",\"@id\":\"https:\/\/kuulsaal.ee\/#\/schema\/logo\/image\/\",\"url\":\"https:\/\/kuulsaal.ee\/wp-content\/uploads\/2022\/06\/kuulsaal-logo.png\",\"contentUrl\":\"https:\/\/kuulsaal.ee\/wp-content\/uploads\/2022\/06\/kuulsaal-logo.png\",\"width\":363,\"height\":173,\"caption\":\"Kuulsaal\"},\"image\":{\"@id\":\"https:\/\/kuulsaal.ee\/#\/schema\/logo\/image\/\"},\"sameAs\":[\"https:\/\/www.facebook.com\/kuulsaal\",\"https:\/\/www.instagram.com\/kuulsaal_\/\"]}]}<\/script>\n<!-- \/ Yoast SEO plugin. -->","yoast_head_json":{"title":"Lounge &#8211; Kuulsaal","robots":{"index":"index","follow":"follow","max-snippet":"max-snippet:-1","max-image-preview":"max-image-preview:large","max-video-preview":"max-video-preview:-1"},"canonical":"https:\/\/kuulsaal.ee\/en\/kuulsaal-lounge-eng\/","og_locale":"en_US","og_type":"article","og_title":"Lounge &#8211; Kuulsaal","og_description":"In the Kuulsaals&#8217; lounges, you\u2019ll find specially crafted culinary experiences and a cozy atmosphere, where every moment offers something unique. Kuulsaal&#8217;s kitchen takes the bowling alley food experience to a whole new level. The menu is created from high-quality, fresh ingredients, with mostly handmade dishes prepared by chefs Fred Ehand and Siret Anton. The result [&hellip;]","og_url":"https:\/\/kuulsaal.ee\/en\/kuulsaal-lounge-eng\/","og_site_name":"Kuulsaal","article_publisher":"https:\/\/www.facebook.com\/kuulsaal","article_modified_time":"2026-02-12T14:54:30+00:00","og_image":[{"width":1920,"height":1282,"url":"https:\/\/kuulsaal.ee\/wp-content\/uploads\/2026\/02\/Toidud-koos2-1.jpg","type":"image\/jpeg"}],"twitter_card":"summary_large_image","twitter_misc":{"Est. reading time":"4 minutes"},"schema":{"@context":"https:\/\/schema.org","@graph":[{"@type":"WebPage","@id":"https:\/\/kuulsaal.ee\/en\/kuulsaal-lounge-eng\/","url":"https:\/\/kuulsaal.ee\/en\/kuulsaal-lounge-eng\/","name":"Lounge &#8211; Kuulsaal","isPartOf":{"@id":"https:\/\/kuulsaal.ee\/#website"},"primaryImageOfPage":{"@id":"https:\/\/kuulsaal.ee\/en\/kuulsaal-lounge-eng\/#primaryimage"},"image":{"@id":"https:\/\/kuulsaal.ee\/en\/kuulsaal-lounge-eng\/#primaryimage"},"thumbnailUrl":"https:\/\/kuulsaal.ee\/wp-content\/uploads\/2026\/02\/Toidud-koos2-1-1024x684.jpg","datePublished":"2026-02-06T13:23:51+00:00","dateModified":"2026-02-12T14:54:30+00:00","breadcrumb":{"@id":"https:\/\/kuulsaal.ee\/en\/kuulsaal-lounge-eng\/#breadcrumb"},"inLanguage":"en-US","potentialAction":[{"@type":"ReadAction","target":["https:\/\/kuulsaal.ee\/en\/kuulsaal-lounge-eng\/"]}]},{"@type":"ImageObject","inLanguage":"en-US","@id":"https:\/\/kuulsaal.ee\/en\/kuulsaal-lounge-eng\/#primaryimage","url":"https:\/\/kuulsaal.ee\/wp-content\/uploads\/2026\/02\/Toidud-koos2-1-1024x684.jpg","contentUrl":"https:\/\/kuulsaal.ee\/wp-content\/uploads\/2026\/02\/Toidud-koos2-1-1024x684.jpg"},{"@type":"BreadcrumbList","@id":"https:\/\/kuulsaal.ee\/en\/kuulsaal-lounge-eng\/#breadcrumb","itemListElement":[{"@type":"ListItem","position":1,"name":"Home","item":"https:\/\/kuulsaal.ee\/en\/"},{"@type":"ListItem","position":2,"name":"Lounge"}]},{"@type":"WebSite","@id":"https:\/\/kuulsaal.ee\/#website","url":"https:\/\/kuulsaal.ee\/","name":"Kuulsaal","description":"Piljard ja bowling","publisher":{"@id":"https:\/\/kuulsaal.ee\/#organization"},"potentialAction":[{"@type":"SearchAction","target":{"@type":"EntryPoint","urlTemplate":"https:\/\/kuulsaal.ee\/?s={search_term_string}"},"query-input":{"@type":"PropertyValueSpecification","valueRequired":true,"valueName":"search_term_string"}}],"inLanguage":"en-US"},{"@type":"Organization","@id":"https:\/\/kuulsaal.ee\/#organization","name":"Kuulsaal","url":"https:\/\/kuulsaal.ee\/","logo":{"@type":"ImageObject","inLanguage":"en-US","@id":"https:\/\/kuulsaal.ee\/#\/schema\/logo\/image\/","url":"https:\/\/kuulsaal.ee\/wp-content\/uploads\/2022\/06\/kuulsaal-logo.png","contentUrl":"https:\/\/kuulsaal.ee\/wp-content\/uploads\/2022\/06\/kuulsaal-logo.png","width":363,"height":173,"caption":"Kuulsaal"},"image":{"@id":"https:\/\/kuulsaal.ee\/#\/schema\/logo\/image\/"},"sameAs":["https:\/\/www.facebook.com\/kuulsaal","https:\/\/www.instagram.com\/kuulsaal_\/"]}]}}}