{"id":6631,"date":"2026-02-06T10:14:09","date_gmt":"2026-02-06T08:14:09","guid":{"rendered":"https:\/\/kuulsaal.ee\/kuulsaal-lounge\/"},"modified":"2026-02-06T10:14:09","modified_gmt":"2026-02-06T08:14:09","slug":"kuulsaal-lounge","status":"publish","type":"page","link":"https:\/\/kuulsaal.ee\/en\/kuulsaal-lounge\/","title":{"rendered":"Lounge"},"content":{"rendered":"\n<figure class=\"wp-block-gallery has-nested-images columns-default is-cropped wp-block-gallery-1 is-layout-flex wp-block-gallery-is-layout-flex\">\n<figure class=\"wp-block-image size-large\"><img loading=\"lazy\" decoding=\"async\" width=\"1024\" height=\"684\" data-id=\"6568\" src=\"https:\/\/kuulsaal.ee\/wp-content\/uploads\/2026\/02\/Toidud-koos2-1024x684.jpg\" alt=\"kuulsaal toidud restoran tallinn v\u00e4ljas s\u00f6\u00f6mine lounge\" class=\"wp-image-6568\" srcset=\"https:\/\/kuulsaal.ee\/wp-content\/uploads\/2026\/02\/Toidud-koos2-1024x684.jpg 1024w, https:\/\/kuulsaal.ee\/wp-content\/uploads\/2026\/02\/Toidud-koos2-300x200.jpg 300w, https:\/\/kuulsaal.ee\/wp-content\/uploads\/2026\/02\/Toidud-koos2-768x513.jpg 768w, https:\/\/kuulsaal.ee\/wp-content\/uploads\/2026\/02\/Toidud-koos2-1536x1026.jpg 1536w, https:\/\/kuulsaal.ee\/wp-content\/uploads\/2026\/02\/Toidud-koos2.jpg 1920w\" sizes=\"auto, (max-width: 1024px) 100vw, 1024px\" \/><\/figure>\n\n\n\n<figure class=\"wp-block-image size-large\"><img loading=\"lazy\" decoding=\"async\" width=\"1024\" height=\"683\" data-id=\"6563\" src=\"https:\/\/kuulsaal.ee\/wp-content\/uploads\/2026\/02\/Pildid-3023-1024x683.jpg\" alt=\"kuulsaal toidud restoran tallinn v\u00e4ljas s\u00f6\u00f6mine lounge\" class=\"wp-image-6563\" srcset=\"https:\/\/kuulsaal.ee\/wp-content\/uploads\/2026\/02\/Pildid-3023-1024x683.jpg 1024w, https:\/\/kuulsaal.ee\/wp-content\/uploads\/2026\/02\/Pildid-3023-300x200.jpg 300w, https:\/\/kuulsaal.ee\/wp-content\/uploads\/2026\/02\/Pildid-3023-768x512.jpg 768w, https:\/\/kuulsaal.ee\/wp-content\/uploads\/2026\/02\/Pildid-3023-1536x1024.jpg 1536w, https:\/\/kuulsaal.ee\/wp-content\/uploads\/2026\/02\/Pildid-3023-2048x1365.jpg 2048w\" sizes=\"auto, (max-width: 1024px) 100vw, 1024px\" \/><\/figure>\n<\/figure>\n\n\n\n<p><strong>Kuulsaali lounge\u2019ides ootavad teid eriliselt valmistatud maitseelamused ja nauditav atmosf\u00e4\u00e4r, kus iga hetk pakub midagi erilist.<\/strong><\/p>\n\n\n\n<p><strong>Kuulsaali k\u00f6\u00f6k viib bowlingusaali toiduelamuse t\u00e4iesti uuele tasemele. <\/strong>Men\u00fc\u00fc on loodud kvaliteetsest ja v\u00e4rskest toorainest ning valdavalt k\u00e4sitsi valmistatud roogadest, mille taga seisavad <strong>peakokk Fred Ehand ja Siret Anton.<\/strong> Tulemuseks on bowlingusaalide seas ka <strong>Euroopa v\u00f5rdluses erakordselt k\u00f5rge toidukvaliteet \u2013 t\u00f5en\u00e4oliselt parim. <\/strong><\/p>\n\n\n\n<p>Olgu plaanis l\u00f5una, \u00f5htus\u00f6\u00f6k v\u00f5i pidulikum s\u00fcndmus \u2013 Kuulsaalis kohtuvad suurep\u00e4rane maitse ja meelelahutus!<\/p>\n\n\n\n<div class=\"wp-block-buttons is-layout-flex wp-block-buttons-is-layout-flex\">\n<div class=\"wp-block-button\"><a class=\"wp-block-button__link wp-element-button\" href=\"https:\/\/telli.kuulsaal.ee\/\">Vaata men\u00fc\u00fcd<\/a><\/div>\n<\/div>\n\n\n\n<div style=\"height:37px\" aria-hidden=\"true\" class=\"wp-block-spacer\"><\/div>\n\n\n\n<p>Soovi korral on v\u00f5imalik tellida ka <strong><a href=\"https:\/\/kuulsaal.ee\/en\/hot-buffet\/\">soe buffee<\/a><\/strong>, mis sobib suurep\u00e4raselt n\u00e4iteks firma\u00fcritusteks ja koosviibimisteks. <\/p>\n\n\n\n<p>Lisaks pakuvad lounge ekraanid v\u00f5imalust j\u00e4lgida spordi\u00fclekandeid ning \u00fchendada hea toit ja jook elamustega, mida on m\u00f5nus koos kogeda.<\/p>\n\n\n\n<div style=\"height:37px\" aria-hidden=\"true\" class=\"wp-block-spacer\"><\/div>\n\n\n\n<h1 class=\"wp-block-heading\">Viimsi Kuulsaali lounge<\/h1>\n\n\n\n<p><strong>Viimsi Kuulsaali avar ja valgusk\u00fcllane lounge mahutab kuni 40 k\u00fclalist.<\/strong> ning asub eraldi bowlinguradadest, pakkudes privaatsust ja rahulikku atmosf\u00e4\u00e4ri. See on eriti sobiv peredele, sest men\u00fc\u00fcst leiavad endale meelep\u00e4rase valiku nii t\u00e4iskasvanud kui ka nooremad k\u00fclalised, kelle jaoks on loodud eraldi lastemen\u00fc\u00fc.<\/p>\n\n\n\n<p><em>Soovi korral saab broneerida ka terve lounge privaatseks s\u00fcndmuseks.<\/em><\/p>\n\n\n\n<div class=\"wp-block-buttons is-layout-flex wp-block-buttons-is-layout-flex\">\n<div class=\"wp-block-button\"><a class=\"wp-block-button__link wp-element-button\">Broneeri laud<\/a><\/div>\n<\/div>\n\n\n\n<div style=\"height:37px\" aria-hidden=\"true\" class=\"wp-block-spacer\"><\/div>\n\n\n\n<p><\/p>\n\n\n\n<h1 class=\"wp-block-heading\">Kesklinna Kuulsaali lounge<\/h1>\n\n\n\n<p><strong>Kesklinna Kuulsaalis on kaks eraldi lounge-ala 2. ja 3. korrusel, kumbki kuni 16 k\u00fclalisele.<\/strong> Asukoht Rotermanni kvartalis teeb sellest mugava koha t\u00f6\u00f6p\u00e4evaseks l\u00f5unaks ja \u00f5htuseks nautimiseks. N\u00e4dalavahetusel on Kuulsaali lounge ideaalne paik, kuhu tulla lihtsalt head toitu ja kokteile nautima ning aega veetma. \u00d5htuti sobib siia ideaalselt tulla enne vanalinna melusse ja peole suundumist. <\/p>\n\n\n\n<p><em>Soovi korral saab broneerida ka terve lounge privaatseks s\u00fcndmuseks.<\/em><\/p>\n\n\n\n<div class=\"wp-block-buttons is-layout-flex wp-block-buttons-is-layout-flex\">\n<div class=\"wp-block-button\"><a class=\"wp-block-button__link wp-element-button\">Broneeri laud<\/a><\/div>\n<\/div>\n\n\n\n<p><\/p>\n\n\n\n<div class=\"wp-block-buttons is-layout-flex wp-block-buttons-is-layout-flex\"><\/div>\n\n\n\n<figure class=\"wp-block-gallery has-nested-images columns-default is-cropped wp-block-gallery-2 is-layout-flex wp-block-gallery-is-layout-flex\">\n<figure class=\"wp-block-image size-large\"><img loading=\"lazy\" decoding=\"async\" width=\"1024\" height=\"683\" data-id=\"6567\" src=\"https:\/\/kuulsaal.ee\/wp-content\/uploads\/2026\/02\/Pildid-3035-1024x683.jpg\" alt=\"kuulsaal toidud restoran tallinn v\u00e4ljas s\u00f6\u00f6mine lounge\" class=\"wp-image-6567\" srcset=\"https:\/\/kuulsaal.ee\/wp-content\/uploads\/2026\/02\/Pildid-3035-1024x683.jpg 1024w, https:\/\/kuulsaal.ee\/wp-content\/uploads\/2026\/02\/Pildid-3035-300x200.jpg 300w, https:\/\/kuulsaal.ee\/wp-content\/uploads\/2026\/02\/Pildid-3035-768x512.jpg 768w, https:\/\/kuulsaal.ee\/wp-content\/uploads\/2026\/02\/Pildid-3035-1536x1024.jpg 1536w, https:\/\/kuulsaal.ee\/wp-content\/uploads\/2026\/02\/Pildid-3035-2048x1365.jpg 2048w\" sizes=\"auto, (max-width: 1024px) 100vw, 1024px\" \/><\/figure>\n\n\n\n<figure class=\"wp-block-image size-large\"><img loading=\"lazy\" decoding=\"async\" width=\"1024\" height=\"683\" data-id=\"6289\" src=\"https:\/\/kuulsaal.ee\/wp-content\/uploads\/2025\/12\/Pildid-2578-1024x683.jpg\" alt=\"buffee catering tallinn kuulsaal toit\" class=\"wp-image-6289\" srcset=\"https:\/\/kuulsaal.ee\/wp-content\/uploads\/2025\/12\/Pildid-2578-1024x683.jpg 1024w, https:\/\/kuulsaal.ee\/wp-content\/uploads\/2025\/12\/Pildid-2578-300x200.jpg 300w, https:\/\/kuulsaal.ee\/wp-content\/uploads\/2025\/12\/Pildid-2578-768x512.jpg 768w, https:\/\/kuulsaal.ee\/wp-content\/uploads\/2025\/12\/Pildid-2578-1536x1024.jpg 1536w, https:\/\/kuulsaal.ee\/wp-content\/uploads\/2025\/12\/Pildid-2578-2048x1365.jpg 2048w\" sizes=\"auto, (max-width: 1024px) 100vw, 1024px\" \/><\/figure>\n\n\n\n<figure class=\"wp-block-image size-large\"><img loading=\"lazy\" decoding=\"async\" width=\"1024\" height=\"683\" data-id=\"6564\" src=\"https:\/\/kuulsaal.ee\/wp-content\/uploads\/2026\/02\/Pildid-3025-1024x683.jpg\" alt=\"kuulsaal toidud restoran tallinn v\u00e4ljas s\u00f6\u00f6mine lounge\" class=\"wp-image-6564\" srcset=\"https:\/\/kuulsaal.ee\/wp-content\/uploads\/2026\/02\/Pildid-3025-1024x683.jpg 1024w, https:\/\/kuulsaal.ee\/wp-content\/uploads\/2026\/02\/Pildid-3025-300x200.jpg 300w, https:\/\/kuulsaal.ee\/wp-content\/uploads\/2026\/02\/Pildid-3025-768x512.jpg 768w, https:\/\/kuulsaal.ee\/wp-content\/uploads\/2026\/02\/Pildid-3025-1536x1024.jpg 1536w, https:\/\/kuulsaal.ee\/wp-content\/uploads\/2026\/02\/Pildid-3025-2048x1365.jpg 2048w\" sizes=\"auto, (max-width: 1024px) 100vw, 1024px\" \/><\/figure>\n\n\n\n<figure class=\"wp-block-image size-large\"><img loading=\"lazy\" decoding=\"async\" width=\"1024\" height=\"684\" data-id=\"6594\" src=\"https:\/\/kuulsaal.ee\/wp-content\/uploads\/2026\/02\/Kaanefoto-kok-1-1024x684.jpg\" alt=\"\" class=\"wp-image-6594\" srcset=\"https:\/\/kuulsaal.ee\/wp-content\/uploads\/2026\/02\/Kaanefoto-kok-1-1024x684.jpg 1024w, https:\/\/kuulsaal.ee\/wp-content\/uploads\/2026\/02\/Kaanefoto-kok-1-300x200.jpg 300w, https:\/\/kuulsaal.ee\/wp-content\/uploads\/2026\/02\/Kaanefoto-kok-1-768x513.jpg 768w, https:\/\/kuulsaal.ee\/wp-content\/uploads\/2026\/02\/Kaanefoto-kok-1-1536x1026.jpg 1536w, https:\/\/kuulsaal.ee\/wp-content\/uploads\/2026\/02\/Kaanefoto-kok-1.jpg 1920w\" sizes=\"auto, (max-width: 1024px) 100vw, 1024px\" \/><\/figure>\n\n\n\n<figure class=\"wp-block-image size-large\"><img loading=\"lazy\" decoding=\"async\" width=\"1024\" height=\"683\" data-id=\"4070\" src=\"https:\/\/kuulsaal.ee\/wp-content\/uploads\/2024\/06\/RENE-LUTTERUS-0233-1229x820-1-1024x683.jpg\" alt=\"Iga s\u00f5ber leiab Kuulsaalist endale sobiva joogi\" class=\"wp-image-4070\" srcset=\"https:\/\/kuulsaal.ee\/wp-content\/uploads\/2024\/06\/RENE-LUTTERUS-0233-1229x820-1-1024x683.jpg 1024w, https:\/\/kuulsaal.ee\/wp-content\/uploads\/2024\/06\/RENE-LUTTERUS-0233-1229x820-1-300x200.jpg 300w, https:\/\/kuulsaal.ee\/wp-content\/uploads\/2024\/06\/RENE-LUTTERUS-0233-1229x820-1-768x512.jpg 768w, https:\/\/kuulsaal.ee\/wp-content\/uploads\/2024\/06\/RENE-LUTTERUS-0233-1229x820-1.jpg 1229w\" sizes=\"auto, (max-width: 1024px) 100vw, 1024px\" \/><\/figure>\n\n\n\n<figure class=\"wp-block-image size-large\"><img loading=\"lazy\" decoding=\"async\" width=\"1024\" height=\"684\" data-id=\"6580\" src=\"https:\/\/kuulsaal.ee\/wp-content\/uploads\/2026\/02\/kuulsaal4-1024x684.jpg\" alt=\"kuulsaal toidud restoran tallinn v\u00e4ljas s\u00f6\u00f6mine lounge\" class=\"wp-image-6580\" srcset=\"https:\/\/kuulsaal.ee\/wp-content\/uploads\/2026\/02\/kuulsaal4-1024x684.jpg 1024w, https:\/\/kuulsaal.ee\/wp-content\/uploads\/2026\/02\/kuulsaal4-300x200.jpg 300w, https:\/\/kuulsaal.ee\/wp-content\/uploads\/2026\/02\/kuulsaal4-768x513.jpg 768w, https:\/\/kuulsaal.ee\/wp-content\/uploads\/2026\/02\/kuulsaal4-1536x1026.jpg 1536w, https:\/\/kuulsaal.ee\/wp-content\/uploads\/2026\/02\/kuulsaal4.jpg 1920w\" sizes=\"auto, (max-width: 1024px) 100vw, 1024px\" \/><\/figure>\n<\/figure>\n\n\n\n<p><\/p>\n","protected":false},"excerpt":{"rendered":"<p>Kuulsaali lounge\u2019ides ootavad teid eriliselt valmistatud maitseelamused ja nauditav atmosf\u00e4\u00e4r, kus iga hetk pakub midagi erilist. Kuulsaali k\u00f6\u00f6k viib bowlingusaali toiduelamuse t\u00e4iesti uuele tasemele. Men\u00fc\u00fc on loodud kvaliteetsest ja v\u00e4rskest toorainest ning valdavalt k\u00e4sitsi valmistatud roogadest, mille taga seisavad peakokk Fred Ehand ja Siret Anton. Tulemuseks on bowlingusaalide seas ka Euroopa v\u00f5rdluses erakordselt k\u00f5rge toidukvaliteet [&hellip;]<\/p>\n","protected":false},"author":7,"featured_media":0,"parent":0,"menu_order":0,"comment_status":"closed","ping_status":"closed","template":"","meta":{"_acf_changed":false,"footnotes":""},"class_list":["post-6631","page","type-page","status-publish","hentry"],"acf":[],"yoast_head":"<!-- This site is optimized with the Yoast SEO plugin v27.0 - https:\/\/yoast.com\/product\/yoast-seo-wordpress\/ -->\n<title>Lounge &#8211; Kuulsaal<\/title>\n<meta name=\"robots\" content=\"index, follow, max-snippet:-1, max-image-preview:large, max-video-preview:-1\" \/>\n<link rel=\"canonical\" href=\"https:\/\/kuulsaal.ee\/en\/kuulsaal-lounge\/\" \/>\n<meta property=\"og:locale\" content=\"en_US\" \/>\n<meta property=\"og:type\" content=\"article\" \/>\n<meta property=\"og:title\" content=\"Lounge &#8211; Kuulsaal\" \/>\n<meta property=\"og:description\" content=\"Kuulsaali lounge\u2019ides ootavad teid eriliselt valmistatud maitseelamused ja nauditav atmosf\u00e4\u00e4r, kus iga hetk pakub midagi erilist. Kuulsaali k\u00f6\u00f6k viib bowlingusaali toiduelamuse t\u00e4iesti uuele tasemele. Men\u00fc\u00fc on loodud kvaliteetsest ja v\u00e4rskest toorainest ning valdavalt k\u00e4sitsi valmistatud roogadest, mille taga seisavad peakokk Fred Ehand ja Siret Anton. Tulemuseks on bowlingusaalide seas ka Euroopa v\u00f5rdluses erakordselt k\u00f5rge toidukvaliteet [&hellip;]\" \/>\n<meta property=\"og:url\" content=\"https:\/\/kuulsaal.ee\/en\/kuulsaal-lounge\/\" \/>\n<meta property=\"og:site_name\" content=\"Kuulsaal\" \/>\n<meta property=\"article:publisher\" content=\"https:\/\/www.facebook.com\/kuulsaal\" \/>\n<meta property=\"og:image\" content=\"https:\/\/kuulsaal.ee\/wp-content\/uploads\/2026\/02\/Toidud-koos2.jpg\" \/>\n\t<meta property=\"og:image:width\" content=\"1920\" \/>\n\t<meta property=\"og:image:height\" content=\"1282\" \/>\n\t<meta property=\"og:image:type\" content=\"image\/jpeg\" \/>\n<meta name=\"twitter:card\" content=\"summary_large_image\" \/>\n<meta name=\"twitter:label1\" content=\"Est. reading time\" \/>\n\t<meta name=\"twitter:data1\" content=\"1 minute\" \/>\n<script type=\"application\/ld+json\" class=\"yoast-schema-graph\">{\"@context\":\"https:\/\/schema.org\",\"@graph\":[{\"@type\":\"WebPage\",\"@id\":\"https:\/\/kuulsaal.ee\/en\/kuulsaal-lounge\/\",\"url\":\"https:\/\/kuulsaal.ee\/en\/kuulsaal-lounge\/\",\"name\":\"Lounge &#8211; Kuulsaal\",\"isPartOf\":{\"@id\":\"https:\/\/kuulsaal.ee\/#website\"},\"primaryImageOfPage\":{\"@id\":\"https:\/\/kuulsaal.ee\/en\/kuulsaal-lounge\/#primaryimage\"},\"image\":{\"@id\":\"https:\/\/kuulsaal.ee\/en\/kuulsaal-lounge\/#primaryimage\"},\"thumbnailUrl\":\"https:\/\/kuulsaal.ee\/wp-content\/uploads\/2026\/02\/Toidud-koos2-1024x684.jpg\",\"datePublished\":\"2026-02-06T08:14:09+00:00\",\"breadcrumb\":{\"@id\":\"https:\/\/kuulsaal.ee\/en\/kuulsaal-lounge\/#breadcrumb\"},\"inLanguage\":\"en-US\",\"potentialAction\":[{\"@type\":\"ReadAction\",\"target\":[\"https:\/\/kuulsaal.ee\/en\/kuulsaal-lounge\/\"]}]},{\"@type\":\"ImageObject\",\"inLanguage\":\"en-US\",\"@id\":\"https:\/\/kuulsaal.ee\/en\/kuulsaal-lounge\/#primaryimage\",\"url\":\"https:\/\/kuulsaal.ee\/wp-content\/uploads\/2026\/02\/Toidud-koos2-1024x684.jpg\",\"contentUrl\":\"https:\/\/kuulsaal.ee\/wp-content\/uploads\/2026\/02\/Toidud-koos2-1024x684.jpg\"},{\"@type\":\"BreadcrumbList\",\"@id\":\"https:\/\/kuulsaal.ee\/en\/kuulsaal-lounge\/#breadcrumb\",\"itemListElement\":[{\"@type\":\"ListItem\",\"position\":1,\"name\":\"Home\",\"item\":\"https:\/\/kuulsaal.ee\/en\/\"},{\"@type\":\"ListItem\",\"position\":2,\"name\":\"Lounge\"}]},{\"@type\":\"WebSite\",\"@id\":\"https:\/\/kuulsaal.ee\/#website\",\"url\":\"https:\/\/kuulsaal.ee\/\",\"name\":\"Kuulsaal\",\"description\":\"Piljard ja bowling\",\"publisher\":{\"@id\":\"https:\/\/kuulsaal.ee\/#organization\"},\"potentialAction\":[{\"@type\":\"SearchAction\",\"target\":{\"@type\":\"EntryPoint\",\"urlTemplate\":\"https:\/\/kuulsaal.ee\/?s={search_term_string}\"},\"query-input\":{\"@type\":\"PropertyValueSpecification\",\"valueRequired\":true,\"valueName\":\"search_term_string\"}}],\"inLanguage\":\"en-US\"},{\"@type\":\"Organization\",\"@id\":\"https:\/\/kuulsaal.ee\/#organization\",\"name\":\"Kuulsaal\",\"url\":\"https:\/\/kuulsaal.ee\/\",\"logo\":{\"@type\":\"ImageObject\",\"inLanguage\":\"en-US\",\"@id\":\"https:\/\/kuulsaal.ee\/#\/schema\/logo\/image\/\",\"url\":\"https:\/\/kuulsaal.ee\/wp-content\/uploads\/2022\/06\/kuulsaal-logo.png\",\"contentUrl\":\"https:\/\/kuulsaal.ee\/wp-content\/uploads\/2022\/06\/kuulsaal-logo.png\",\"width\":363,\"height\":173,\"caption\":\"Kuulsaal\"},\"image\":{\"@id\":\"https:\/\/kuulsaal.ee\/#\/schema\/logo\/image\/\"},\"sameAs\":[\"https:\/\/www.facebook.com\/kuulsaal\",\"https:\/\/www.instagram.com\/kuulsaal_\/\"]}]}<\/script>\n<!-- \/ Yoast SEO plugin. -->","yoast_head_json":{"title":"Lounge &#8211; Kuulsaal","robots":{"index":"index","follow":"follow","max-snippet":"max-snippet:-1","max-image-preview":"max-image-preview:large","max-video-preview":"max-video-preview:-1"},"canonical":"https:\/\/kuulsaal.ee\/en\/kuulsaal-lounge\/","og_locale":"en_US","og_type":"article","og_title":"Lounge &#8211; Kuulsaal","og_description":"Kuulsaali lounge\u2019ides ootavad teid eriliselt valmistatud maitseelamused ja nauditav atmosf\u00e4\u00e4r, kus iga hetk pakub midagi erilist. Kuulsaali k\u00f6\u00f6k viib bowlingusaali toiduelamuse t\u00e4iesti uuele tasemele. Men\u00fc\u00fc on loodud kvaliteetsest ja v\u00e4rskest toorainest ning valdavalt k\u00e4sitsi valmistatud roogadest, mille taga seisavad peakokk Fred Ehand ja Siret Anton. Tulemuseks on bowlingusaalide seas ka Euroopa v\u00f5rdluses erakordselt k\u00f5rge toidukvaliteet [&hellip;]","og_url":"https:\/\/kuulsaal.ee\/en\/kuulsaal-lounge\/","og_site_name":"Kuulsaal","article_publisher":"https:\/\/www.facebook.com\/kuulsaal","og_image":[{"width":1920,"height":1282,"url":"https:\/\/kuulsaal.ee\/wp-content\/uploads\/2026\/02\/Toidud-koos2.jpg","type":"image\/jpeg"}],"twitter_card":"summary_large_image","twitter_misc":{"Est. reading time":"1 minute"},"schema":{"@context":"https:\/\/schema.org","@graph":[{"@type":"WebPage","@id":"https:\/\/kuulsaal.ee\/en\/kuulsaal-lounge\/","url":"https:\/\/kuulsaal.ee\/en\/kuulsaal-lounge\/","name":"Lounge &#8211; Kuulsaal","isPartOf":{"@id":"https:\/\/kuulsaal.ee\/#website"},"primaryImageOfPage":{"@id":"https:\/\/kuulsaal.ee\/en\/kuulsaal-lounge\/#primaryimage"},"image":{"@id":"https:\/\/kuulsaal.ee\/en\/kuulsaal-lounge\/#primaryimage"},"thumbnailUrl":"https:\/\/kuulsaal.ee\/wp-content\/uploads\/2026\/02\/Toidud-koos2-1024x684.jpg","datePublished":"2026-02-06T08:14:09+00:00","breadcrumb":{"@id":"https:\/\/kuulsaal.ee\/en\/kuulsaal-lounge\/#breadcrumb"},"inLanguage":"en-US","potentialAction":[{"@type":"ReadAction","target":["https:\/\/kuulsaal.ee\/en\/kuulsaal-lounge\/"]}]},{"@type":"ImageObject","inLanguage":"en-US","@id":"https:\/\/kuulsaal.ee\/en\/kuulsaal-lounge\/#primaryimage","url":"https:\/\/kuulsaal.ee\/wp-content\/uploads\/2026\/02\/Toidud-koos2-1024x684.jpg","contentUrl":"https:\/\/kuulsaal.ee\/wp-content\/uploads\/2026\/02\/Toidud-koos2-1024x684.jpg"},{"@type":"BreadcrumbList","@id":"https:\/\/kuulsaal.ee\/en\/kuulsaal-lounge\/#breadcrumb","itemListElement":[{"@type":"ListItem","position":1,"name":"Home","item":"https:\/\/kuulsaal.ee\/en\/"},{"@type":"ListItem","position":2,"name":"Lounge"}]},{"@type":"WebSite","@id":"https:\/\/kuulsaal.ee\/#website","url":"https:\/\/kuulsaal.ee\/","name":"Kuulsaal","description":"Piljard ja bowling","publisher":{"@id":"https:\/\/kuulsaal.ee\/#organization"},"potentialAction":[{"@type":"SearchAction","target":{"@type":"EntryPoint","urlTemplate":"https:\/\/kuulsaal.ee\/?s={search_term_string}"},"query-input":{"@type":"PropertyValueSpecification","valueRequired":true,"valueName":"search_term_string"}}],"inLanguage":"en-US"},{"@type":"Organization","@id":"https:\/\/kuulsaal.ee\/#organization","name":"Kuulsaal","url":"https:\/\/kuulsaal.ee\/","logo":{"@type":"ImageObject","inLanguage":"en-US","@id":"https:\/\/kuulsaal.ee\/#\/schema\/logo\/image\/","url":"https:\/\/kuulsaal.ee\/wp-content\/uploads\/2022\/06\/kuulsaal-logo.png","contentUrl":"https:\/\/kuulsaal.ee\/wp-content\/uploads\/2022\/06\/kuulsaal-logo.png","width":363,"height":173,"caption":"Kuulsaal"},"image":{"@id":"https:\/\/kuulsaal.ee\/#\/schema\/logo\/image\/"},"sameAs":["https:\/\/www.facebook.com\/kuulsaal","https:\/\/www.instagram.com\/kuulsaal_\/"]}]}}}